{"id":99,"date":"2026-03-15T21:31:23","date_gmt":"2026-03-15T21:31:23","guid":{"rendered":"https:\/\/alntozboya.com\/?page_id=99"},"modified":"2026-03-15T21:32:14","modified_gmt":"2026-03-15T21:32:14","slug":"iletisim","status":"publish","type":"page","link":"https:\/\/alntozboya.com\/index.php\/iletisim\/","title":{"rendered":"\u0130leti\u015fim"},"content":{"rendered":"\t\t<div data-elementor-type=\"wp-page\" data-elementor-id=\"99\" class=\"elementor elementor-99\" data-elementor-post-type=\"page\">\n\t\t\t\t<div class=\"elementor-element elementor-element-148f9da e-flex e-con-boxed e-con e-parent\" data-id=\"148f9da\" data-element_type=\"container\" data-e-type=\"container\">\n\t\t\t\t\t<div class=\"e-con-inner\">\n\t\t\t\t<div class=\"elementor-element elementor-element-87635c7 elementor-widget elementor-widget-aln_iletisim\" data-id=\"87635c7\" data-element_type=\"widget\" data-e-type=\"widget\" data-widget_type=\"aln_iletisim.default\">\n\t\t\t\t<div class=\"elementor-widget-container\">\n\t\t\t\t\t        <section class=\"aln-section aln-contact-wrap\" style=\"background:var(--bg)\">\n          <div class=\"aln-wrap\">\n            <div class=\"aln-contact-grid\">\n              <!-- SOL -->\n              <div>\n                <span class=\"aln-label\">\u0130leti\u015fim<\/span>\n                <h2 class=\"aln-contact-h2\">\n                  Bizimle<br>\n                  \u0130leti\u015fime<br>\n                  <em>Ge\u00e7in<\/em>\n                <\/h2>\n                <p class=\"aln-desc\" style=\"margin-bottom:32px\">\u00dcr\u00fcnlerimiz, fiyatland\u0131rma veya teknik konular i\u00e7in uzman ekibimizle ileti\u015fime ge\u00e7in.<\/p>\n                <div class=\"aln-ci-list\">\n                                    <div class=\"aln-ci\">\n                    <div class=\"aln-ci-icon\">\ud83d\udccd<\/div>\n                    <div>\n                      <div class=\"aln-ci-lbl\">Adres<\/div>\n                      <div class=\"aln-ci-val\">Yenidam Mahallesi 6011 Sokak No:18A Seyhan \/ ADANA<\/div>\n                    <\/div>\n                  <\/div>\n                                    <div class=\"aln-ci\">\n                    <div class=\"aln-ci-icon\">\ud83d\udcde<\/div>\n                    <div>\n                      <div class=\"aln-ci-lbl\">Telefon<\/div>\n                      <div class=\"aln-ci-val\"><a href=\"tel:+905441488075\">+90 (544) 148 80 75<\/a><\/div>\n                    <\/div>\n                  <\/div>\n                                    <div class=\"aln-ci\">\n                    <div class=\"aln-ci-icon\">\u2709\ufe0f<\/div>\n                    <div>\n                      <div class=\"aln-ci-lbl\">E-posta<\/div>\n                      <div class=\"aln-ci-val\"><a href=\"mailto:burhan@alntozboya.com\">burhan@alntozboya.com<\/a><\/div>\n                    <\/div>\n                  <\/div>\n                                    <div class=\"aln-ci\">\n                    <div class=\"aln-ci-icon\">\ud83d\udd50<\/div>\n                    <div>\n                      <div class=\"aln-ci-lbl\">\u00c7al\u0131\u015fma Saatleri<\/div>\n                      <div class=\"aln-ci-val\">Pazartesi \u2013 Cuma: 08:00 \u2013 17:30<\/div>\n                    <\/div>\n                  <\/div>\n                                  <\/div>\n              <\/div>\n              <!-- FORM -->\n              <div class=\"aln-form-box aln-contact-form\" style=\"position:relative\">\n                <div class=\"aln-form-title\">\ud83c\udfa8 Teklif &amp; Bilgi Formu<\/div>\n                <div class=\"aln-form-sub\">Formu doldurun, en k\u0131sa s\u00fcrede d\u00f6n\u00fc\u015f yapal\u0131m.<\/div>\n                <div class=\"aln-form-grid\">\n                  <div><label class=\"aln-field-label\">Ad\u0131n\u0131z Soyad\u0131n\u0131z <span>*<\/span><\/label><input type=\"text\" class=\"aln-field\" name=\"aln_name\" data-field=\"name\" placeholder=\"Ahmet Y\u0131lmaz\"><\/div>\n                  <div><label class=\"aln-field-label\">Firma Ad\u0131<\/label><input type=\"text\" class=\"aln-field\" placeholder=\"Firma ad\u0131\"><\/div>\n                  <div><label class=\"aln-field-label\">E-posta <span>*<\/span><\/label><input type=\"email\" class=\"aln-field\" name=\"aln_email\" data-field=\"email\" placeholder=\"info@firma.com\"><\/div>\n                  <div><label class=\"aln-field-label\">Telefon<\/label><input type=\"tel\" class=\"aln-field\" placeholder=\"+90 (---) --- -- --\"><\/div>\n                  <div><label class=\"aln-field-label\">\u00dcr\u00fcn \/ Hizmet T\u00fcr\u00fc<\/label>\n                    <select class=\"aln-field\">\n                      <option value=\"\">Se\u00e7in...<\/option>\n                      <option>Standart Polyester Toz Boya<\/option>\n                      <option>Epoxi Toz Boya<\/option>\n                      <option>Hibrit Toz Boya<\/option>\n                      <option>\u00d6zel Efekt Toz Boya<\/option>\n                      <option>Y\u00fcksek Performans Serisi<\/option>\n                      <option>\u00d6zel Renk Form\u00fclasyonu<\/option>\n                    <\/select>\n                  <\/div>\n                  <div><label class=\"aln-field-label\">Tahmini Miktar<\/label><input type=\"text\" class=\"aln-field\" placeholder=\"25 kg, 100 kg...\"><\/div>\n                  <div class=\"aln-form-col\"><label class=\"aln-field-label\">Mesaj\u0131n\u0131z <span>*<\/span><\/label><textarea class=\"aln-field\" name=\"aln_msg\" data-field=\"message\" placeholder=\"Projeniz veya \u00fcr\u00fcn ihtiyac\u0131n\u0131z hakk\u0131nda bilgi verin...\"><\/textarea><\/div>\n                  <div class=\"aln-form-col\">\n                    <button type=\"button\" class=\"aln-btn aln-btn-primary aln-form-submit\" style=\"width:100%;justify-content:center;padding:15px\">Teklif G\u00f6nder \u2192<\/button>\n                    <div class=\"aln-form-success\">\u2713 Mesaj\u0131n\u0131z al\u0131nd\u0131! En k\u0131sa s\u00fcrede sizinle ileti\u015fime ge\u00e7ece\u011fiz.<\/div>\n                  <\/div>\n                <\/div>\n              <\/div>\n            <\/div>\n          <\/div>\n        <\/section>\n        \t\t\t\t<\/div>\n\t\t\t\t<\/div>\n\t\t\t\t\t<\/div>\n\t\t\t\t<\/div>\n\t\t\t\t<\/div>\n\t\t","protected":false},"excerpt":{"rendered":"<p>\u0130leti\u015fim Bizimle \u0130leti\u015fime Ge\u00e7in \u00dcr\u00fcnlerimiz, fiyatland\u0131rma veya teknik konular i\u00e7in  [&#8230;]<\/p>\n","protected":false},"author":1,"featured_media":0,"parent":0,"menu_order":0,"comment_status":"closed","ping_status":"closed","template":"","meta":{"footnotes":""},"class_list":["post-99","page","type-page","status-publish","hentry"],"_links":{"self":[{"href":"https:\/\/alntozboya.com\/index.php\/wp-json\/wp\/v2\/pages\/99","targetHints":{"allow":["GET"]}}],"collection":[{"href":"https:\/\/alntozboya.com\/index.php\/wp-json\/wp\/v2\/pages"}],"about":[{"href":"https:\/\/alntozboya.com\/index.php\/wp-json\/wp\/v2\/types\/page"}],"author":[{"embeddable":true,"href":"https:\/\/alntozboya.com\/index.php\/wp-json\/wp\/v2\/users\/1"}],"replies":[{"embeddable":true,"href":"https:\/\/alntozboya.com\/index.php\/wp-json\/wp\/v2\/comments?post=99"}],"version-history":[{"count":3,"href":"https:\/\/alntozboya.com\/index.php\/wp-json\/wp\/v2\/pages\/99\/revisions"}],"predecessor-version":[{"id":102,"href":"https:\/\/alntozboya.com\/index.php\/wp-json\/wp\/v2\/pages\/99\/revisions\/102"}],"wp:attachment":[{"href":"https:\/\/alntozboya.com\/index.php\/wp-json\/wp\/v2\/media?parent=99"}],"curies":[{"name":"wp","href":"https:\/\/api.w.org\/{rel}","templated":true}]}}